{"id":3,"date":"2022-03-24T20:03:30","date_gmt":"2022-03-24T18:03:30","guid":{"rendered":"https:\/\/www.pointcodevelopment.com\/?page_id=3"},"modified":"2023-01-31T14:16:17","modified_gmt":"2023-01-31T12:16:17","slug":"privacy-policy","status":"publish","type":"page","link":"https:\/\/www.pointcoassetmanagement.com\/fr\/privacy-policy\/","title":{"rendered":"Mentions l\u00e9gales"},"content":{"rendered":"<p>Le pr\u00e9sent site <a href=\"https:\/\/www.pointcocapital.com\">https:\/\/www.pointcocapital.com<\/a> (ci-apr\u00e8s d\u00e9nomm\u00e9 le \u00ab Site \u00bb) est \u00e9dit\u00e9 par la soci\u00e9t\u00e9 PointCo Capital.<\/p>\n<p>&nbsp;<\/p>\n<p><strong>Si\u00e8ge social :<\/strong> 10 rue de Penthi\u00e8vre, 75008, Paris<br \/>\nSARL unipersonnelle au capital de 100 000 \u20ac inscrite au RCS de Paris sous le n\u00b0539 807 677<br \/>\nN\u00b0 de TVA intracommunautaire : FR89539807677<br \/>\n<strong>T\u00e9l\u00e9phone :<\/strong>\u00a0<a href=\"tel:+33176433444\">(+33) 1 76 43 34 44<\/a><br \/>\n<strong>Mail :<\/strong> <a href=\"mailto:contact@pointcocapital.fr\">contact@pointcocapital.fr<\/a><br \/>\n<strong>Directeur de la publication :<\/strong> Monsieur J\u00e9r\u00f4me Cornille, CEO PointCo Group<br \/>\n<strong>Responsable de la r\u00e9daction\u00a0:<\/strong> Madame Aude Delmas-Begue, Responsable de la Communication PointCo Group<\/p>\n<p>&nbsp;<\/p>\n<p><strong>L\u2019h\u00e9bergement<\/strong> du site est assur\u00e9 par la soci\u00e9t\u00e9 OVH<br \/>\nSAS au capital de 10 174 560 \u20ac<br \/>\nRCS Lille M\u00e9tropole 424 761 419 00045<br \/>\nSi\u00e8ge social : 2 rue Kellermann &#8211; 59100 Roubaix &#8211; France<\/p>\n<p>POINTCO CAPITAL exerce notamment une activit\u00e9 d\u2019agent immobilier r\u00e9glement\u00e9e par la loi n\u00b0 70-9 du 2 janvier 1970 et son d\u00e9cret d&rsquo;application n\u00b0 72-678 du 20 juillet 1972.<\/p>\n<p>POINTCO CAPITAL est inscrite aupr\u00e8s du Registre du Commerce et des Soci\u00e9t\u00e9s de Paris.<br \/>\nN\u00b0 de carte professionnelle : CPI 7501 2021 000 000 614<br \/>\nCCI de d\u00e9livrance de la carte professionnelle : CCI Paris Ile-de-France<\/p>\n<p>&nbsp;<\/p>\n<p><strong>Cr\u00e9dits<\/strong><br \/>\n2022 \u2013 POINTCO CAPITAL \u2013 ALL RIGHTS RESERVED<br \/>\nPhotos by Cyril Abad &amp; Mathias Zwick (from Inland Stories)<br \/>\nContents by the PointCo Group Communication<br \/>\nDesigned by the PointCo Group Communication &amp; Arttractiv\u00a0\u2028Developed by\u00a0Arttractiv<\/p>\n<p>&nbsp;<\/p>","protected":false},"excerpt":{"rendered":"<p>Le pr\u00e9sent site https:\/\/www.pointcocapital.com (ci-apr\u00e8s d\u00e9nomm\u00e9 le \u00ab Site \u00bb) est \u00e9dit\u00e9 par la soci\u00e9t\u00e9 PointCo Capital. &nbsp; Si\u00e8ge social : 10 rue de Penthi\u00e8vre, 75008, Paris SARL unipersonnelle au capital de 100 000 \u20ac inscrite au RCS de Paris sous le n\u00b0539 807 677 N\u00b0 de TVA intracommunautaire : FR89539807677 T\u00e9l\u00e9phone :\u00a0(+33) 1 76 [&hellip;]<\/p>\n","protected":false},"author":6,"featured_media":0,"parent":0,"menu_order":3,"comment_status":"closed","ping_status":"open","template":"","meta":{"inline_featured_image":false,"footnotes":""},"class_list":["post-3","page","type-page","status-publish","hentry"],"acf":[],"yoast_head":"<!-- This site is optimized with the Yoast SEO plugin v26.6 - https:\/\/yoast.com\/wordpress\/plugins\/seo\/ -->\n<title>Mentions l\u00e9gales - Pointco Asset Management<\/title>\n<meta name=\"robots\" content=\"index, follow, max-snippet:-1, max-image-preview:large, max-video-preview:-1\" \/>\n<link rel=\"canonical\" href=\"https:\/\/www.pointcoassetmanagement.com\/fr\/privacy-policy\/\" \/>\n<meta property=\"og:locale\" content=\"fr_FR\" \/>\n<meta property=\"og:type\" content=\"article\" \/>\n<meta property=\"og:title\" content=\"Mentions l\u00e9gales - Pointco Asset Management\" \/>\n<meta property=\"og:description\" content=\"Le pr\u00e9sent site https:\/\/www.pointcocapital.com (ci-apr\u00e8s d\u00e9nomm\u00e9 le \u00ab Site \u00bb) est \u00e9dit\u00e9 par la soci\u00e9t\u00e9 PointCo Capital. &nbsp; Si\u00e8ge social : 10 rue de Penthi\u00e8vre, 75008, Paris SARL unipersonnelle au capital de 100 000 \u20ac inscrite au RCS de Paris sous le n\u00b0539 807 677 N\u00b0 de TVA intracommunautaire : FR89539807677 T\u00e9l\u00e9phone :\u00a0(+33) 1 76 [&hellip;]\" \/>\n<meta property=\"og:url\" content=\"https:\/\/www.pointcoassetmanagement.com\/fr\/privacy-policy\/\" \/>\n<meta property=\"og:site_name\" content=\"Pointco Asset Management\" \/>\n<meta property=\"article:modified_time\" content=\"2023-01-31T12:16:17+00:00\" \/>\n<meta name=\"twitter:card\" content=\"summary_large_image\" \/>\n<meta name=\"twitter:label1\" content=\"Dur\u00e9e de lecture estim\u00e9e\" \/>\n\t<meta name=\"twitter:data1\" content=\"1 minute\" \/>\n<script type=\"application\/ld+json\" class=\"yoast-schema-graph\">{\"@context\":\"https:\/\/schema.org\",\"@graph\":[{\"@type\":\"WebPage\",\"@id\":\"https:\/\/www.pointcoassetmanagement.com\/fr\/privacy-policy\/\",\"url\":\"https:\/\/www.pointcoassetmanagement.com\/fr\/privacy-policy\/\",\"name\":\"Mentions l\u00e9gales - Pointco Asset Management\",\"isPartOf\":{\"@id\":\"https:\/\/www.pointcoassetmanagement.com\/fr\/#website\"},\"datePublished\":\"2022-03-24T18:03:30+00:00\",\"dateModified\":\"2023-01-31T12:16:17+00:00\",\"breadcrumb\":{\"@id\":\"https:\/\/www.pointcoassetmanagement.com\/fr\/privacy-policy\/#breadcrumb\"},\"inLanguage\":\"fr-FR\",\"potentialAction\":[{\"@type\":\"ReadAction\",\"target\":[[\"https:\/\/www.pointcoassetmanagement.com\/fr\/privacy-policy\/\"]]}]},{\"@type\":\"BreadcrumbList\",\"@id\":\"https:\/\/www.pointcoassetmanagement.com\/fr\/privacy-policy\/#breadcrumb\",\"itemListElement\":[{\"@type\":\"ListItem\",\"position\":1,\"name\":\"Home\",\"item\":\"https:\/\/www.pointcoassetmanagement.com\/fr\/\"},{\"@type\":\"ListItem\",\"position\":2,\"name\":\"Legal notices\"}]},{\"@type\":\"WebSite\",\"@id\":\"https:\/\/www.pointcoassetmanagement.com\/fr\/#website\",\"url\":\"https:\/\/www.pointcoassetmanagement.com\/fr\/\",\"name\":\"Pointco Asset Management\",\"description\":\"\",\"publisher\":{\"@id\":\"https:\/\/www.pointcoassetmanagement.com\/fr\/#organization\"},\"potentialAction\":[{\"@type\":\"SearchAction\",\"target\":{\"@type\":\"EntryPoint\",\"urlTemplate\":\"https:\/\/www.pointcoassetmanagement.com\/fr\/?s={search_term_string}\"},\"query-input\":{\"@type\":\"PropertyValueSpecification\",\"valueRequired\":true,\"valueName\":\"search_term_string\"}}],\"inLanguage\":\"fr-FR\"},{\"@type\":\"Organization\",\"@id\":\"https:\/\/www.pointcoassetmanagement.com\/fr\/#organization\",\"name\":\"Pointco Asset Management\",\"url\":\"https:\/\/www.pointcoassetmanagement.com\/fr\/\",\"logo\":{\"@type\":\"ImageObject\",\"inLanguage\":\"fr-FR\",\"@id\":\"https:\/\/www.pointcoassetmanagement.com\/fr\/#\/schema\/logo\/image\/\",\"url\":\"https:\/\/www.pointcoassetmanagement.com\/wp-content\/uploads\/sites\/4\/2022\/03\/logo-dev.svg\",\"contentUrl\":\"https:\/\/www.pointcoassetmanagement.com\/wp-content\/uploads\/sites\/4\/2022\/03\/logo-dev.svg\",\"width\":200,\"height\":125,\"caption\":\"Pointco Asset Management\"},\"image\":{\"@id\":\"https:\/\/www.pointcoassetmanagement.com\/fr\/#\/schema\/logo\/image\/\"}}]}<\/script>\n<!-- \/ Yoast SEO plugin. -->","yoast_head_json":{"title":"Mentions l\u00e9gales - Pointco Asset Management","robots":{"index":"index","follow":"follow","max-snippet":"max-snippet:-1","max-image-preview":"max-image-preview:large","max-video-preview":"max-video-preview:-1"},"canonical":"https:\/\/www.pointcoassetmanagement.com\/fr\/privacy-policy\/","og_locale":"fr_FR","og_type":"article","og_title":"Mentions l\u00e9gales - Pointco Asset Management","og_description":"Le pr\u00e9sent site https:\/\/www.pointcocapital.com (ci-apr\u00e8s d\u00e9nomm\u00e9 le \u00ab Site \u00bb) est \u00e9dit\u00e9 par la soci\u00e9t\u00e9 PointCo Capital. &nbsp; Si\u00e8ge social : 10 rue de Penthi\u00e8vre, 75008, Paris SARL unipersonnelle au capital de 100 000 \u20ac inscrite au RCS de Paris sous le n\u00b0539 807 677 N\u00b0 de TVA intracommunautaire : FR89539807677 T\u00e9l\u00e9phone :\u00a0(+33) 1 76 [&hellip;]","og_url":"https:\/\/www.pointcoassetmanagement.com\/fr\/privacy-policy\/","og_site_name":"Pointco Asset Management","article_modified_time":"2023-01-31T12:16:17+00:00","twitter_card":"summary_large_image","twitter_misc":{"Dur\u00e9e de lecture estim\u00e9e":"1 minute"},"schema":{"@context":"https:\/\/schema.org","@graph":[{"@type":"WebPage","@id":"https:\/\/www.pointcoassetmanagement.com\/fr\/privacy-policy\/","url":"https:\/\/www.pointcoassetmanagement.com\/fr\/privacy-policy\/","name":"Mentions l\u00e9gales - Pointco Asset Management","isPartOf":{"@id":"https:\/\/www.pointcoassetmanagement.com\/fr\/#website"},"datePublished":"2022-03-24T18:03:30+00:00","dateModified":"2023-01-31T12:16:17+00:00","breadcrumb":{"@id":"https:\/\/www.pointcoassetmanagement.com\/fr\/privacy-policy\/#breadcrumb"},"inLanguage":"fr-FR","potentialAction":[{"@type":"ReadAction","target":[["https:\/\/www.pointcoassetmanagement.com\/fr\/privacy-policy\/"]]}]},{"@type":"BreadcrumbList","@id":"https:\/\/www.pointcoassetmanagement.com\/fr\/privacy-policy\/#breadcrumb","itemListElement":[{"@type":"ListItem","position":1,"name":"Home","item":"https:\/\/www.pointcoassetmanagement.com\/fr\/"},{"@type":"ListItem","position":2,"name":"Legal notices"}]},{"@type":"WebSite","@id":"https:\/\/www.pointcoassetmanagement.com\/fr\/#website","url":"https:\/\/www.pointcoassetmanagement.com\/fr\/","name":"Pointco Asset Management","description":"","publisher":{"@id":"https:\/\/www.pointcoassetmanagement.com\/fr\/#organization"},"potentialAction":[{"@type":"SearchAction","target":{"@type":"EntryPoint","urlTemplate":"https:\/\/www.pointcoassetmanagement.com\/fr\/?s={search_term_string}"},"query-input":{"@type":"PropertyValueSpecification","valueRequired":true,"valueName":"search_term_string"}}],"inLanguage":"fr-FR"},{"@type":"Organization","@id":"https:\/\/www.pointcoassetmanagement.com\/fr\/#organization","name":"Pointco Asset Management","url":"https:\/\/www.pointcoassetmanagement.com\/fr\/","logo":{"@type":"ImageObject","inLanguage":"fr-FR","@id":"https:\/\/www.pointcoassetmanagement.com\/fr\/#\/schema\/logo\/image\/","url":"https:\/\/www.pointcoassetmanagement.com\/wp-content\/uploads\/sites\/4\/2022\/03\/logo-dev.svg","contentUrl":"https:\/\/www.pointcoassetmanagement.com\/wp-content\/uploads\/sites\/4\/2022\/03\/logo-dev.svg","width":200,"height":125,"caption":"Pointco Asset Management"},"image":{"@id":"https:\/\/www.pointcoassetmanagement.com\/fr\/#\/schema\/logo\/image\/"}}]}},"_links":{"self":[{"href":"https:\/\/www.pointcoassetmanagement.com\/fr\/wp-json\/wp\/v2\/pages\/3","targetHints":{"allow":["GET"]}}],"collection":[{"href":"https:\/\/www.pointcoassetmanagement.com\/fr\/wp-json\/wp\/v2\/pages"}],"about":[{"href":"https:\/\/www.pointcoassetmanagement.com\/fr\/wp-json\/wp\/v2\/types\/page"}],"author":[{"embeddable":true,"href":"https:\/\/www.pointcoassetmanagement.com\/fr\/wp-json\/wp\/v2\/users\/6"}],"replies":[{"embeddable":true,"href":"https:\/\/www.pointcoassetmanagement.com\/fr\/wp-json\/wp\/v2\/comments?post=3"}],"version-history":[{"count":19,"href":"https:\/\/www.pointcoassetmanagement.com\/fr\/wp-json\/wp\/v2\/pages\/3\/revisions"}],"predecessor-version":[{"id":1838,"href":"https:\/\/www.pointcoassetmanagement.com\/fr\/wp-json\/wp\/v2\/pages\/3\/revisions\/1838"}],"wp:attachment":[{"href":"https:\/\/www.pointcoassetmanagement.com\/fr\/wp-json\/wp\/v2\/media?parent=3"}],"curies":[{"name":"wp","href":"https:\/\/api.w.org\/{rel}","templated":true}]}}