{"id":3,"date":"2022-03-24T20:03:30","date_gmt":"2022-03-24T18:03:30","guid":{"rendered":"https:\/\/www.pointcodevelopment.com\/?page_id=3"},"modified":"2023-01-31T14:16:17","modified_gmt":"2023-01-31T12:16:17","slug":"privacy-policy","status":"publish","type":"page","link":"https:\/\/www.pointcoassetmanagement.com\/it\/privacy-policy\/","title":{"rendered":"Avviso legale"},"content":{"rendered":"<p>Niniejsza strona <a href=\"https:\/\/www.pointcocapital.com\">https:\/\/www.pointcocapital.com<\/a> (zwana dalej &#8220;Stron\u0105&#8221;) jest publikowana przez PointCo Capital.<\/p>\n<p>&nbsp;<\/p>\n<p><strong>Siedziba:<\/strong> 10 rue de Penthi\u00e8vre, 75008, Paris<br \/>\nJednoosobowy SARL o kapitale 100 000 \u20ac zarejestrowany w RCS w Pary\u017cu pod numerem 539 807 677<br \/>\nWewn\u0105trzwsp\u00f3lnotowy numer VAT: FR89539807677<br \/>\n<strong>Telefon :<\/strong> <a href=\"tel:+33176433444\">(+33) 1 76 43 34 44<\/a><br \/>\n<strong>Poczta:<\/strong> <a href=\"mailto:contact@pointcocapital.fr\">contact@pointcocapital.fr<\/a><br \/>\n<strong>Dyrektor publikacji:<\/strong> J\u00e9r\u00f4me Cornille, CEO PointCo Group<br \/>\n<strong>Redaktor naczelny:<\/strong> Aude Delmas-Begue, kierownik grupy Communication PointCo<\/p>\n<p>&nbsp;<\/p>\n<p><strong>Hosting<\/strong> strony jest zapewniany przez firm\u0119 OVH<br \/>\nSAS au capital de 10 174 560 \u20ac<br \/>\nRCS Lille M\u00e9tropole 424 761 419 00045<br \/>\nSi\u00e8ge social : 2 rue Kellermann &#8211; 59100 Roubaix &#8211; France<\/p>\n<p>&nbsp;<\/p>\n<p>POINTCO CAPITAL prowadzi w szczeg\u00f3lno\u015bci dzia\u0142alno\u015b\u0107 po\u015brednika w obrocie nieruchomo\u015bciami regulowan\u0105 ustaw\u0105 nr 70-9 z dnia 2 stycznia 1970 r. i jej dekretem wykonawczym nr 72-678 z dnia 20 lipca 1972 r.<br \/>\nPOINTCO CAPITAL jest zarejestrowany wRejestrze Handlowym i Sp\u00f3\u0142ek w Pary\u017cu.<br \/>\nNumer legitymacji zawodowej: CPI 7501 2021 000 000 614<br \/>\nCCI do wydania legitymacji zawodowej: CCI Paris Ile-de-France<\/p>\n<p>&nbsp;<\/p>\n<p><strong>Kredyty<\/strong><br \/>\n2022 \u2013 POINTCO CAPITAL \u2013 WSZELKIE PRAWA ZASTRZE\u017bONE<br \/>\nZdj\u0119cia Cyril Abad &amp; Mathias Zwick (z Inland Stories)<br \/>\nTre\u015b\u0107 PointCo Group Communication<br \/>\nZaprojektowany przez PointCo Group Communication &amp; Arttractiv<br \/>\nOpracowany przez Arttractiv<\/p>","protected":false},"excerpt":{"rendered":"<p>Niniejsza strona https:\/\/www.pointcocapital.com (zwana dalej &#8220;Stron\u0105&#8221;) jest publikowana przez PointCo Capital. &nbsp; Siedziba: 10 rue de Penthi\u00e8vre, 75008, Paris Jednoosobowy SARL o kapitale 100 000 \u20ac zarejestrowany w RCS w Pary\u017cu pod numerem 539 807 677 Wewn\u0105trzwsp\u00f3lnotowy numer VAT: FR89539807677 Telefon : (+33) 1 76 43 34 44 Poczta: contact@pointcocapital.fr Dyrektor publikacji: J\u00e9r\u00f4me Cornille, CEO [&hellip;]<\/p>\n","protected":false},"author":6,"featured_media":0,"parent":0,"menu_order":3,"comment_status":"closed","ping_status":"open","template":"","meta":{"inline_featured_image":false,"footnotes":""},"class_list":["post-3","page","type-page","status-publish","hentry"],"acf":[],"yoast_head":"<!-- This site is optimized with the Yoast SEO plugin v26.6 - https:\/\/yoast.com\/wordpress\/plugins\/seo\/ -->\n<title>Avviso legale - Pointco Asset Management<\/title>\n<meta name=\"robots\" content=\"index, follow, max-snippet:-1, max-image-preview:large, max-video-preview:-1\" \/>\n<link rel=\"canonical\" href=\"https:\/\/www.pointcoassetmanagement.com\/it\/privacy-policy\/\" \/>\n<meta property=\"og:locale\" content=\"it_IT\" \/>\n<meta property=\"og:type\" content=\"article\" \/>\n<meta property=\"og:title\" content=\"Avviso legale - Pointco Asset Management\" \/>\n<meta property=\"og:description\" content=\"Niniejsza strona https:\/\/www.pointcocapital.com (zwana dalej &#8220;Stron\u0105&#8221;) jest publikowana przez PointCo Capital. &nbsp; Siedziba: 10 rue de Penthi\u00e8vre, 75008, Paris Jednoosobowy SARL o kapitale 100 000 \u20ac zarejestrowany w RCS w Pary\u017cu pod numerem 539 807 677 Wewn\u0105trzwsp\u00f3lnotowy numer VAT: FR89539807677 Telefon : (+33) 1 76 43 34 44 Poczta: contact@pointcocapital.fr Dyrektor publikacji: J\u00e9r\u00f4me Cornille, CEO [&hellip;]\" \/>\n<meta property=\"og:url\" content=\"https:\/\/www.pointcoassetmanagement.com\/it\/privacy-policy\/\" \/>\n<meta property=\"og:site_name\" content=\"Pointco Asset Management\" \/>\n<meta property=\"article:modified_time\" content=\"2023-01-31T12:16:17+00:00\" \/>\n<meta name=\"twitter:card\" content=\"summary_large_image\" \/>\n<meta name=\"twitter:label1\" content=\"Tempo di lettura stimato\" \/>\n\t<meta name=\"twitter:data1\" content=\"1 minuto\" \/>\n<script type=\"application\/ld+json\" class=\"yoast-schema-graph\">{\"@context\":\"https:\/\/schema.org\",\"@graph\":[{\"@type\":\"WebPage\",\"@id\":\"https:\/\/www.pointcoassetmanagement.com\/it\/privacy-policy\/\",\"url\":\"https:\/\/www.pointcoassetmanagement.com\/it\/privacy-policy\/\",\"name\":\"Avviso legale - Pointco Asset Management\",\"isPartOf\":{\"@id\":\"https:\/\/www.pointcoassetmanagement.com\/it\/#website\"},\"datePublished\":\"2022-03-24T18:03:30+00:00\",\"dateModified\":\"2023-01-31T12:16:17+00:00\",\"breadcrumb\":{\"@id\":\"https:\/\/www.pointcoassetmanagement.com\/it\/privacy-policy\/#breadcrumb\"},\"inLanguage\":\"it-IT\",\"potentialAction\":[{\"@type\":\"ReadAction\",\"target\":[[\"https:\/\/www.pointcoassetmanagement.com\/it\/privacy-policy\/\"]]}]},{\"@type\":\"BreadcrumbList\",\"@id\":\"https:\/\/www.pointcoassetmanagement.com\/it\/privacy-policy\/#breadcrumb\",\"itemListElement\":[{\"@type\":\"ListItem\",\"position\":1,\"name\":\"Home\",\"item\":\"https:\/\/www.pointcoassetmanagement.com\/it\/\"},{\"@type\":\"ListItem\",\"position\":2,\"name\":\"Legal notices\"}]},{\"@type\":\"WebSite\",\"@id\":\"https:\/\/www.pointcoassetmanagement.com\/it\/#website\",\"url\":\"https:\/\/www.pointcoassetmanagement.com\/it\/\",\"name\":\"Pointco Asset Management\",\"description\":\"\",\"publisher\":{\"@id\":\"https:\/\/www.pointcoassetmanagement.com\/it\/#organization\"},\"potentialAction\":[{\"@type\":\"SearchAction\",\"target\":{\"@type\":\"EntryPoint\",\"urlTemplate\":\"https:\/\/www.pointcoassetmanagement.com\/it\/?s={search_term_string}\"},\"query-input\":{\"@type\":\"PropertyValueSpecification\",\"valueRequired\":true,\"valueName\":\"search_term_string\"}}],\"inLanguage\":\"it-IT\"},{\"@type\":\"Organization\",\"@id\":\"https:\/\/www.pointcoassetmanagement.com\/it\/#organization\",\"name\":\"Pointco Asset Management\",\"url\":\"https:\/\/www.pointcoassetmanagement.com\/it\/\",\"logo\":{\"@type\":\"ImageObject\",\"inLanguage\":\"it-IT\",\"@id\":\"https:\/\/www.pointcoassetmanagement.com\/it\/#\/schema\/logo\/image\/\",\"url\":\"https:\/\/www.pointcoassetmanagement.com\/wp-content\/uploads\/sites\/4\/2022\/03\/logo-dev.svg\",\"contentUrl\":\"https:\/\/www.pointcoassetmanagement.com\/wp-content\/uploads\/sites\/4\/2022\/03\/logo-dev.svg\",\"width\":200,\"height\":125,\"caption\":\"Pointco Asset Management\"},\"image\":{\"@id\":\"https:\/\/www.pointcoassetmanagement.com\/it\/#\/schema\/logo\/image\/\"}}]}<\/script>\n<!-- \/ Yoast SEO plugin. -->","yoast_head_json":{"title":"Avviso legale - Pointco Asset Management","robots":{"index":"index","follow":"follow","max-snippet":"max-snippet:-1","max-image-preview":"max-image-preview:large","max-video-preview":"max-video-preview:-1"},"canonical":"https:\/\/www.pointcoassetmanagement.com\/it\/privacy-policy\/","og_locale":"it_IT","og_type":"article","og_title":"Avviso legale - Pointco Asset Management","og_description":"Niniejsza strona https:\/\/www.pointcocapital.com (zwana dalej &#8220;Stron\u0105&#8221;) jest publikowana przez PointCo Capital. &nbsp; Siedziba: 10 rue de Penthi\u00e8vre, 75008, Paris Jednoosobowy SARL o kapitale 100 000 \u20ac zarejestrowany w RCS w Pary\u017cu pod numerem 539 807 677 Wewn\u0105trzwsp\u00f3lnotowy numer VAT: FR89539807677 Telefon : (+33) 1 76 43 34 44 Poczta: contact@pointcocapital.fr Dyrektor publikacji: J\u00e9r\u00f4me Cornille, CEO [&hellip;]","og_url":"https:\/\/www.pointcoassetmanagement.com\/it\/privacy-policy\/","og_site_name":"Pointco Asset Management","article_modified_time":"2023-01-31T12:16:17+00:00","twitter_card":"summary_large_image","twitter_misc":{"Tempo di lettura stimato":"1 minuto"},"schema":{"@context":"https:\/\/schema.org","@graph":[{"@type":"WebPage","@id":"https:\/\/www.pointcoassetmanagement.com\/it\/privacy-policy\/","url":"https:\/\/www.pointcoassetmanagement.com\/it\/privacy-policy\/","name":"Avviso legale - Pointco Asset Management","isPartOf":{"@id":"https:\/\/www.pointcoassetmanagement.com\/it\/#website"},"datePublished":"2022-03-24T18:03:30+00:00","dateModified":"2023-01-31T12:16:17+00:00","breadcrumb":{"@id":"https:\/\/www.pointcoassetmanagement.com\/it\/privacy-policy\/#breadcrumb"},"inLanguage":"it-IT","potentialAction":[{"@type":"ReadAction","target":[["https:\/\/www.pointcoassetmanagement.com\/it\/privacy-policy\/"]]}]},{"@type":"BreadcrumbList","@id":"https:\/\/www.pointcoassetmanagement.com\/it\/privacy-policy\/#breadcrumb","itemListElement":[{"@type":"ListItem","position":1,"name":"Home","item":"https:\/\/www.pointcoassetmanagement.com\/it\/"},{"@type":"ListItem","position":2,"name":"Legal notices"}]},{"@type":"WebSite","@id":"https:\/\/www.pointcoassetmanagement.com\/it\/#website","url":"https:\/\/www.pointcoassetmanagement.com\/it\/","name":"Pointco Asset Management","description":"","publisher":{"@id":"https:\/\/www.pointcoassetmanagement.com\/it\/#organization"},"potentialAction":[{"@type":"SearchAction","target":{"@type":"EntryPoint","urlTemplate":"https:\/\/www.pointcoassetmanagement.com\/it\/?s={search_term_string}"},"query-input":{"@type":"PropertyValueSpecification","valueRequired":true,"valueName":"search_term_string"}}],"inLanguage":"it-IT"},{"@type":"Organization","@id":"https:\/\/www.pointcoassetmanagement.com\/it\/#organization","name":"Pointco Asset Management","url":"https:\/\/www.pointcoassetmanagement.com\/it\/","logo":{"@type":"ImageObject","inLanguage":"it-IT","@id":"https:\/\/www.pointcoassetmanagement.com\/it\/#\/schema\/logo\/image\/","url":"https:\/\/www.pointcoassetmanagement.com\/wp-content\/uploads\/sites\/4\/2022\/03\/logo-dev.svg","contentUrl":"https:\/\/www.pointcoassetmanagement.com\/wp-content\/uploads\/sites\/4\/2022\/03\/logo-dev.svg","width":200,"height":125,"caption":"Pointco Asset Management"},"image":{"@id":"https:\/\/www.pointcoassetmanagement.com\/it\/#\/schema\/logo\/image\/"}}]}},"_links":{"self":[{"href":"https:\/\/www.pointcoassetmanagement.com\/it\/wp-json\/wp\/v2\/pages\/3","targetHints":{"allow":["GET"]}}],"collection":[{"href":"https:\/\/www.pointcoassetmanagement.com\/it\/wp-json\/wp\/v2\/pages"}],"about":[{"href":"https:\/\/www.pointcoassetmanagement.com\/it\/wp-json\/wp\/v2\/types\/page"}],"author":[{"embeddable":true,"href":"https:\/\/www.pointcoassetmanagement.com\/it\/wp-json\/wp\/v2\/users\/6"}],"replies":[{"embeddable":true,"href":"https:\/\/www.pointcoassetmanagement.com\/it\/wp-json\/wp\/v2\/comments?post=3"}],"version-history":[{"count":19,"href":"https:\/\/www.pointcoassetmanagement.com\/it\/wp-json\/wp\/v2\/pages\/3\/revisions"}],"predecessor-version":[{"id":1838,"href":"https:\/\/www.pointcoassetmanagement.com\/it\/wp-json\/wp\/v2\/pages\/3\/revisions\/1838"}],"wp:attachment":[{"href":"https:\/\/www.pointcoassetmanagement.com\/it\/wp-json\/wp\/v2\/media?parent=3"}],"curies":[{"name":"wp","href":"https:\/\/api.w.org\/{rel}","templated":true}]}}